{"id":18,"date":"2015-04-06T14:37:35","date_gmt":"2015-04-06T13:37:35","guid":{"rendered":"http:\/\/41.77.115.106\/~lamonegasque\/?page_id=18"},"modified":"2018-04-22T23:41:51","modified_gmt":"2018-04-22T22:41:51","slug":"tradition","status":"publish","type":"page","link":"https:\/\/www.lamonegasque.com\/fr\/tradition\/","title":{"rendered":"NOTRE HISTOIRE"},"content":{"rendered":"<p><\/p>\n<div style=\"float: left; width: 100%; font-style: italic; margin-right: 50px; color: #ccc !important;\">\n<p style=\"font-size: 18px;\">La marque La Mon\u00e9gasque a \u00e9t\u00e9 cr\u00e9\u00e9e en 1942 \u00e0 Monaco. Elle est devenue depuis lors une v\u00e9ritable r\u00e9f\u00e9rence de qualit\u00e9 sur le march\u00e9 international des produits de la mer, repr\u00e9sentant ainsi un produit phare du Groupe Unimer et un vecteur de d\u00e9veloppement d\u00e9cisif pour le Groupe.<\/p>\n<p>&nbsp;<\/p>\n<p style=\"font-size: 18px;\">Intemporelle et authentique, La Mon\u00e9gasque s&rsquo;inscrit dans le respect de la tradition qui remonte aux \u00e9poques ancestrales, dont les secrets de fabrication ont \u00e9t\u00e9 soigneusement sauvegard\u00e9s de g\u00e9n\u00e9ration en g\u00e9n\u00e9ration jusqu&rsquo;\u00e0 aujourd&rsquo;hui.<\/p>\n<p>&nbsp;<\/p>\n<p style=\"font-size: 18px;\">Gardienne de la tradition de la production de l&rsquo;anchois o\u00f9 savoir-faire et passion du m\u00e9tier sont les ma\u00eetres mots, La Mon\u00e9gasque a su \u00e9galement s&rsquo;appuyer sur les proc\u00e9d\u00e9s industriels modernes pour rationaliser ses m\u00e9thodes, garantir une qualit\u00e9 sup\u00e9rieure de ses produits et offrir un go\u00fbt exceptionnel \u00e0 ses clients. La Mon\u00e9gasque s&rsquo;engage aussi dans une d\u00e9marche de qualit\u00e9 sup\u00e9rieure, \u00e0 travers un dispositif de contr\u00f4le tr\u00e8s pointu, un approvisionnement aux meilleures normes de la profession et une s\u00e9lection particuli\u00e8rement soign\u00e9e des produits frais.<\/p>\n<p>&nbsp;<\/p>\n<p style=\"font-size: 18px;\">La gamme de produits La Mon\u00e9gasque est extr\u00eamement large. Elle englobe une offre tr\u00e8s vari\u00e9e de produits de la mer, incluant anchois sal\u00e9s et marin\u00e9s aux multiples saveurs, \u00e0 laquelle s&rsquo;ajoute une nouvelle ligne de produits de l\u00e9gumes grill\u00e9s et marin\u00e9s, pr\u00e9par\u00e9s selon des recettes pour le plus grand plaisir des papilles.<\/p>\n<\/div>\n<div style=\"clear: both;\"><\/div>\n<p>&nbsp;<br \/>\n<\/p>","protected":false},"excerpt":{"rendered":"<p>La marque La Mon\u00e9gasque a \u00e9t\u00e9 cr\u00e9\u00e9e en 1942 \u00e0 Monaco. Elle est devenue depuis lors une v\u00e9ritable r\u00e9f\u00e9rence de qualit\u00e9 sur le march\u00e9 international des produits de la mer, repr\u00e9sentant ainsi un produit phare du Groupe Unimer et un vecteur de d\u00e9veloppement d\u00e9cisif pour le Groupe. &nbsp; Intemporelle et authentique, La Mon\u00e9gasque s&rsquo;inscrit dans [&hellip;]<\/p>\n","protected":false},"author":1,"featured_media":1001,"parent":0,"menu_order":0,"comment_status":"open","ping_status":"closed","template":"template-tradition.php","meta":{"footnotes":""},"tags":[],"class_list":["post-18","page","type-page","status-publish","has-post-thumbnail","hentry"],"_links":{"self":[{"href":"https:\/\/www.lamonegasque.com\/fr\/wp-json\/wp\/v2\/pages\/18","targetHints":{"allow":["GET"]}}],"collection":[{"href":"https:\/\/www.lamonegasque.com\/fr\/wp-json\/wp\/v2\/pages"}],"about":[{"href":"https:\/\/www.lamonegasque.com\/fr\/wp-json\/wp\/v2\/types\/page"}],"author":[{"embeddable":true,"href":"https:\/\/www.lamonegasque.com\/fr\/wp-json\/wp\/v2\/users\/1"}],"replies":[{"embeddable":true,"href":"https:\/\/www.lamonegasque.com\/fr\/wp-json\/wp\/v2\/comments?post=18"}],"version-history":[{"count":30,"href":"https:\/\/www.lamonegasque.com\/fr\/wp-json\/wp\/v2\/pages\/18\/revisions"}],"predecessor-version":[{"id":1128,"href":"https:\/\/www.lamonegasque.com\/fr\/wp-json\/wp\/v2\/pages\/18\/revisions\/1128"}],"wp:featuredmedia":[{"embeddable":true,"href":"https:\/\/www.lamonegasque.com\/fr\/wp-json\/wp\/v2\/media\/1001"}],"wp:attachment":[{"href":"https:\/\/www.lamonegasque.com\/fr\/wp-json\/wp\/v2\/media?parent=18"}],"wp:term":[{"taxonomy":"post_tag","embeddable":true,"href":"https:\/\/www.lamonegasque.com\/fr\/wp-json\/wp\/v2\/tags?post=18"}],"curies":[{"name":"wp","href":"https:\/\/api.w.org\/{rel}","templated":true}]}}